{"id":12660,"date":"2025-09-16T14:34:45","date_gmt":"2025-09-16T07:34:45","guid":{"rendered":"https:\/\/giacmobayre.vn\/ve-may-bay\/?page_id=12660"},"modified":"2025-09-16T14:34:48","modified_gmt":"2025-09-16T07:34:48","slug":"tay-ban-nha-di-da-nang","status":"publish","type":"page","link":"https:\/\/giacmobayre.vn\/ve-may-bay\/tay-ban-nha-di-da-nang\/","title":{"rendered":"V\u00e9 m\u00e1y bay t\u1eeb T\u00e2y Ban Nha \u0111i \u0110\u00e0 N\u1eb5ng"},"content":{"rendered":"\n<h2 class=\"wp-block-heading\"><span class=\"ez-toc-section\" id=\"thong-tin-chang-bay-tu-tay-ban-nha-di-da-nang\"><\/span>Th\u00f4ng tin ch\u1eb7ng bay t\u1eeb T\u00e2y Ban Nha \u0111i \u0110\u00e0 N\u1eb5ng<span class=\"ez-toc-section-end\"><\/span><\/h2>\n\n\n\n<figure class=\"wp-block-table\"><table class=\"has-fixed-layout\"><thead><tr><th>Th\u00f4ng tin<\/th><th>Gi\u00e1 tr\u1ecb<\/th><\/tr><\/thead><tbody><tr><td>Gi\u00e1 v\u00e9 bay r\u1ebb nh\u1ea5t (m\u1ed9t chi\u1ec1u)<\/td><td>~ 8.900.000 VND<\/td><\/tr><tr><td>Gi\u00e1 v\u00e9 kh\u1ee9 h\u1ed3i r\u1ebb nh\u1ea5t<\/td><td>~ 17.000.000 VND<\/td><\/tr><tr><td>Kho\u1ea3ng c\u00e1ch bay th\u1eb3ng (\u0111\u01b0\u1eddng chim bay)<\/td><td>Kho\u1ea3ng 10.605 km<\/td><\/tr><tr><td>Th\u1eddi gian bay trung b\u00ecnh <\/td><td>Kho\u1ea3ng 16 \u2013 20 gi\u1edd (n\u1ed1i chuy\u1ebfn)<\/td><\/tr><tr><td>C\u00e1c h\u00e3ng h\u00e0ng kh\u00f4ng ph\u1ed5 bi\u1ebfn<\/td><td>Etihad Airways, Cathay Pacific, Emirates, Malaysia Airlines, Qatar Airways, VietJet, China Southern<\/td><\/tr><tr><td>S\u1ed1 chuy\u1ebfn bay\/ng\u00e0y<\/td><td>Trung b\u00ecnh 5 \u2013 7 chuy\u1ebfn n\u1ed1i chuy\u1ebfn\/ng\u00e0y<\/td><\/tr><tr><td>M\u00f9a th\u1ea5p \u0111i\u1ec3m du l\u1ecbch<\/td><td>Th\u00e1ng 5, th\u00e1ng 10 v\u00e0 th\u00e1ng 11<\/td><\/tr><tr><td>M\u00f9a cao \u0111i\u1ec3m du l\u1ecbch<\/td><td>Th\u00e1ng 7 \u2013 8 v\u00e0 d\u1ecbp T\u1ebft \u00e2m l\u1ecbch, l\u1ec5 h\u1ed9i l\u1edbn<\/td><\/tr><tr><td>Th\u1eddi gian \u0111\u1eb7t v\u00e9 l\u00fd t\u01b0\u1edfng<\/td><td>2 \u2013 3 th\u00e1ng tr\u01b0\u1edbc ng\u00e0y kh\u1edfi h\u00e0nh \u0111\u1ec3 c\u00f3 v\u00e9 r\u1ebb nh\u1ea5t<\/td><\/tr><tr><td>T\u1ef7 l\u1ec7 chuy\u1ebfn bay \u0111\u00fang gi\u1edd (\u01b0\u1edbc t\u00ednh)<\/td><td>~ 85% <\/td><\/tr><tr><td>S\u00e2n bay \u0111\u1ebfn &amp; ph\u01b0\u01a1ng ti\u1ec7n di chuy\u1ec3n v\u00e0o trung t\u00e2m<\/td><td>S\u00e2n bay Qu\u1ed1c t\u1ebf \u0110\u00e0 N\u1eb5ng (DAD). <br>Di chuy\u1ec3n: Taxi, xe c\u00f4ng ngh\u1ec7 (Grab), xe bu\u00fdt c\u00f4ng c\u1ed9ng (tuy\u1ebfn 06, 12).<\/td><\/tr><\/tbody><\/table><figcaption class=\"wp-element-caption\"><em>Th\u00f4ng tin v\u00e9 m\u00e1y bay T\u00e2y Ban Nha &#8211; \u0110\u00e0 N\u1eb5ng<\/em><\/figcaption><\/figure>\n\n\n\n<blockquote class=\"wp-block-quote is-layout-flow wp-block-quote-is-layout-flow\">\n<p><strong><em>L\u01b0u \u00fd:<\/em><\/strong><em> B\u1ea3ng tr\u00ean \u0111\u01b0\u1ee3c ch\u00fang t\u00f4i x\u00e2y d\u1ef1ng d\u1ef1a tr\u00ean d\u1eef li\u1ec7u ph\u00e2n t\u00edch t\u1eeb c\u00e1c h\u00e3ng bay l\u1edbn nh\u01b0 Vietnam Airlines, Vietjet,&#8230; Tuy nhi\u00ean, trong th\u1ef1c t\u1ebf, gi\u00e1 v\u00e9, th\u1eddi gian bay, t\u1ea7n su\u1ea5t bay,&#8230; c\u00f3 th\u1ec3 thay \u0111\u1ed5i t\u00f9y theo th\u1eddi \u0111i\u1ec3m \u0111\u1eb7t v\u00e9, h\u1ea1ng gh\u1ebf, h\u00e3ng h\u00e0ng kh\u00f4ng, ho\u1eb7c c\u00e1c y\u1ebfu t\u1ed1 b\u00ean ngo\u00e0i nh\u01b0 th\u1eddi ti\u1ebft, d\u1ecbch v\u1ee5 s\u00e2n bay. \u0110\u1ec3 c\u00f3 th\u00f4ng tin ch\u00ednh x\u00e1c nh\u1ea5t, b\u1ea1n n\u00ean ki\u1ec3m tra tr\u1ef1c ti\u1ebfp tr\u00ean trang tra c\u1ee9u v\u00e9 m\u00e1y bay c\u1ee7a Gi\u1ea5c M\u01a1 Bay R\u1ebb ho\u1eb7c website c\u00e1c h\u00e3ng h\u00e0ng \u0111\u1ec3 \u0111\u1ea3m b\u1ea3o t\u00ednh ch\u00ednh x\u00e1c nh\u1ea5t cho h\u00e0nh tr\u00ecnh bay c\u1ee7a m\u00ecnh.<\/em><\/p>\n<\/blockquote>\n\n\n\n<h2 class=\"wp-block-heading\"><span class=\"ez-toc-section\" id=\"thong-tin-lien-he-mua-ve-may-bay-tai-giac-mo-bay-re\"><\/span>Th\u00f4ng tin li\u00ean h\u1ec7 mua v\u00e9 m\u00e1y bay t\u1ea1i Gi\u1ea5c M\u01a1 Bay R\u1ebb<span class=\"ez-toc-section-end\"><\/span><\/h2>\n\n\n\n<p><a href=\"https:\/\/giacmobayre.vn\/\">Gi\u1ea5c M\u01a1 Bay R\u1ebb<\/a> l\u00e0 t\u1ed5ng <a href=\"https:\/\/giacmobayre.vn\/dai-ly-ve-may-bay\/\">\u0111\u1ea1i l\u00fd v\u00e9 m\u00e1y bay c\u1ea5p 1<\/a> t\u1ea1i Vi\u1ec7t Nam, \u0111\u1ea1i di\u1ec7n h\u01a1n 600 h\u00e3ng h\u00e0ng kh\u00f4ng hi\u1ec7n nay. Cung c\u1ea5p gi\u00e1 g\u1ed1c v\u00e0 chi\u1ebft kh\u1ea5u cao cho c\u00e1c \u0111\u1ea1i l\u00fd.<\/p>\n\n\n\n<p>Hi\u1ec7n nay, Gi\u1ea5c M\u01a1 Bay R\u1ebb cung c\u1ea5p th\u00eam <a href=\"https:\/\/giacmobayre.vn\/ve-may-bay\/\">d\u1ecbch v\u1ee5 b\u00e1n v\u00e9 m\u00e1y bay<\/a>, mang \u0111\u1ebfn cho kh\u00e1ch h\u00e0ng m\u1ee9c gi\u00e1 \u01b0u \u0111\u00e3i tr\u1ef1c ti\u1ebfp t\u1eeb h\u00e3ng, quy tr\u00ecnh \u0111\u1eb7t v\u00e9 nhanh ch\u00f3ng v\u00e0 h\u1ed7 tr\u1ee3 t\u1eadn t\u00e2m.<\/p>\n\n\n\n<p>GMBR \u0111\u00e3 tr\u1edf th\u00e0nh m\u1ed9t trong nh\u1eefng website \u0111\u1eb7t v\u00e9 m\u00e1y bay uy t\u00edn h\u00e0ng \u0111\u1ea7u cho ch\u1eb7ng bay t\u1eeb T\u00e2y Ban Nha \u0111i \u0110\u00e0 N\u1eb5ng, \u0111\u01b0\u1ee3c nhi\u1ec1u kh\u00e1ch h\u00e0ng tin t\u01b0\u1edfng l\u1ef1a ch\u1ecdn.<\/p>\n\n\n\n<p><strong>Th\u00f4ng tin c\u00f4ng ty &amp; li\u1ec7n h\u1ec7 v\u1edbi Gi\u1ea5c M\u01a1 Bay R\u1ebb<\/strong><\/p>\n\n\n\n<ul class=\"wp-block-list\">\n<li><strong>T\u00ean c\u00f4ng ty: <\/strong>C\u00f4ng ty TNHH Gi\u1ea5c M\u01a1 Bay R\u1ebb<\/li>\n\n\n\n<li><strong>T\u00ean th\u01b0\u01a1ng hi\u1ec7u:<\/strong> Gi\u1ea5c M\u01a1 Bay R\u1ebb<\/li>\n\n\n\n<li><strong>T\u00ean vi\u1ebft t\u1eaft:<\/strong> GMBR<\/li>\n\n\n\n<li><strong>Gi\u00e1m \u0111\u1ed1c (CEO):<\/strong> Nguy\u1ec5n M\u1ea1nh Th\u01b0\u1edfng<\/li>\n\n\n\n<li><strong>M\u00e3 s\u1ed1 thu\u1ebf:<\/strong> 0315841863<\/li>\n\n\n\n<li><strong>\u0110\u1ecba ch\u1ec9:<\/strong> 193\/25 Nguy\u1ec5n \u0110\u00ecnh Ch\u00ednh &#8211; Ph\u01b0\u1eddng 11 &#8211; Qu\u1eadn Ph\u00fa Nhu\u1eadn &#8211; TP. HCM<\/li>\n\n\n\n<li><strong>Email: <\/strong>info@giacmobayre.vn<\/li>\n\n\n\n<li><strong>S\u1ed1 \u0111i\u1ec7n tho\u1ea1i: <\/strong>028 2203 8686<\/li>\n\n\n\n<li><strong>Hotline (H\u1ed7 tr\u1ee3 24\/7):<\/strong> 1900 866 657<\/li>\n\n\n\n<li><strong>Website:<\/strong> https:\/\/giacmobayre.vn\/<\/li>\n\n\n\n<li><strong>M\u1ea1ng x\u00e3 h\u1ed9i:\u00a0<\/strong>\n<ul class=\"wp-block-list\">\n<li>Facebook: https:\/\/www.facebook.com\/giacmobayre\/<\/li>\n\n\n\n<li>Youtube: https:\/\/www.youtube.com\/@FlyChillsOfficial<\/li>\n\n\n\n<li>Linkedin: https:\/\/www.linkedin.com\/company\/gmbr\/<\/li>\n\n\n\n<li>Pinterest: https:\/\/www.pinterest.com\/giacmobayre\/<\/li>\n<\/ul>\n<\/li>\n<\/ul>\n\n\n<div class=\"kk-star-ratings kksr-auto kksr-align-right kksr-valign-bottom\"\n    data-payload='{&quot;align&quot;:&quot;right&quot;,&quot;id&quot;:&quot;12660&quot;,&quot;slug&quot;:&quot;default&quot;,&quot;valign&quot;:&quot;bottom&quot;,&quot;ignore&quot;:&quot;&quot;,&quot;reference&quot;:&quot;auto&quot;,&quot;class&quot;:&quot;&quot;,&quot;count&quot;:&quot;0&quot;,&quot;legendonly&quot;:&quot;&quot;,&quot;readonly&quot;:&quot;&quot;,&quot;score&quot;:&quot;0&quot;,&quot;starsonly&quot;:&quot;&quot;,&quot;best&quot;:&quot;5&quot;,&quot;gap&quot;:&quot;5&quot;,&quot;greet&quot;:&quot;\u0110\u00e1nh gi\u00e1 b\u00e0i vi\u1ebft&quot;,&quot;legend&quot;:&quot;0\\\/5 - (0 b\u00ecnh ch\u1ecdn)&quot;,&quot;size&quot;:&quot;24&quot;,&quot;title&quot;:&quot;V\u00e9 m\u00e1y bay t\u1eeb T\u00e2y Ban Nha \u0111i \u0110\u00e0 N\u1eb5ng&quot;,&quot;width&quot;:&quot;0&quot;,&quot;_legend&quot;:&quot;{score}\\\/{best} - ({count} {votes})&quot;,&quot;font_factor&quot;:&quot;1.25&quot;}'>\n            \n<div class=\"kksr-stars\">\n    \n<div class=\"kksr-stars-inactive\">\n            <div class=\"kksr-star\" data-star=\"1\" style=\"padding-right: 5px\">\n            \n\n<div class=\"kksr-icon\" style=\"width: 24px; height: 24px;\"><\/div>\n        <\/div>\n            <div class=\"kksr-star\" data-star=\"2\" style=\"padding-right: 5px\">\n            \n\n<div class=\"kksr-icon\" style=\"width: 24px; height: 24px;\"><\/div>\n        <\/div>\n            <div class=\"kksr-star\" data-star=\"3\" style=\"padding-right: 5px\">\n            \n\n<div class=\"kksr-icon\" style=\"width: 24px; height: 24px;\"><\/div>\n        <\/div>\n            <div class=\"kksr-star\" data-star=\"4\" style=\"padding-right: 5px\">\n            \n\n<div class=\"kksr-icon\" style=\"width: 24px; height: 24px;\"><\/div>\n        <\/div>\n            <div class=\"kksr-star\" data-star=\"5\" style=\"padding-right: 5px\">\n            \n\n<div class=\"kksr-icon\" style=\"width: 24px; height: 24px;\"><\/div>\n        <\/div>\n    <\/div>\n    \n<div class=\"kksr-stars-active\" style=\"width: 0px;\">\n            <div class=\"kksr-star\" style=\"padding-right: 5px\">\n            \n\n<div class=\"kksr-icon\" style=\"width: 24px; height: 24px;\"><\/div>\n        <\/div>\n            <div class=\"kksr-star\" style=\"padding-right: 5px\">\n            \n\n<div class=\"kksr-icon\" style=\"width: 24px; height: 24px;\"><\/div>\n        <\/div>\n            <div class=\"kksr-star\" style=\"padding-right: 5px\">\n            \n\n<div class=\"kksr-icon\" style=\"width: 24px; height: 24px;\"><\/div>\n        <\/div>\n            <div class=\"kksr-star\" style=\"padding-right: 5px\">\n            \n\n<div class=\"kksr-icon\" style=\"width: 24px; height: 24px;\"><\/div>\n        <\/div>\n            <div class=\"kksr-star\" style=\"padding-right: 5px\">\n            \n\n<div class=\"kksr-icon\" style=\"width: 24px; height: 24px;\"><\/div>\n        <\/div>\n    <\/div>\n<\/div>\n                \n\n<div class=\"kksr-legend\" style=\"font-size: 19.2px;\">\n            <span class=\"kksr-muted\">\u0110\u00e1nh gi\u00e1 b\u00e0i vi\u1ebft<\/span>\n    <\/div>\n    <\/div>\n","protected":false},"excerpt":{"rendered":"<p>Th\u00f4ng tin ch\u1eb7ng bay t\u1eeb T\u00e2y Ban Nha \u0111i \u0110\u00e0 N\u1eb5ng Th\u00f4ng tin Gi\u00e1 tr\u1ecb Gi\u00e1 v\u00e9 bay r\u1ebb nh\u1ea5t (m\u1ed9t chi\u1ec1u) ~ 8.900.000 VND Gi\u00e1 v\u00e9 kh\u1ee9 h\u1ed3i r\u1ebb nh\u1ea5t ~ 17.000.000 VND Kho\u1ea3ng c\u00e1ch bay th\u1eb3ng (\u0111\u01b0\u1eddng chim bay) Kho\u1ea3ng 10.605 km Th\u1eddi gian bay trung b\u00ecnh Kho\u1ea3ng 16 \u2013 20 gi\u1edd (n\u1ed1i [&hellip;]<\/p>\n","protected":false},"author":8,"featured_media":12661,"parent":0,"menu_order":0,"comment_status":"closed","ping_status":"closed","template":"","meta":{"_acf_changed":false,"_uag_custom_page_level_css":"","footnotes":""},"class_list":["post-12660","page","type-page","status-publish","has-post-thumbnail","hentry"],"acf":[],"rankMath":{"parentDomain":"giacmobayre.vn","noFollowDomains":[],"noFollowExcludeDomains":[],"noFollowExternalLinks":false,"featuredImageNotice":"H\u00ecnh \u1ea3nh n\u1ed5i b\u1eadt n\u00ean c\u00f3 k\u00edch th\u01b0\u1edbc \u00edt nh\u1ea5t 200 x 200 pixel \u0111\u1ec3 \u0111\u01b0\u1ee3c Facebook v\u00e0 c\u00e1c trang m\u1ea1ng x\u00e3 h\u1ed9i kh\u00e1c ch\u1ecdn.","pluginReviewed":false,"postSettings":{"linkSuggestions":true,"useFocusKeyword":false},"frontEndScore":false,"postName":"tay-ban-nha-di-da-nang","permalinkFormat":"https:\/\/giacmobayre.vn\/ve-may-bay\/%pagename%\/","showLockModifiedDate":true,"assessor":{"focusKeywordLink":"https:\/\/giacmobayre.vn\/ve-may-bay\/wp-admin\/edit.php?focus_keyword=%focus_keyword%&post_type=%post_type%","hasTOCPlugin":true,"primaryTaxonomy":false,"serpData":{"title":"","description":"V\u00e9 m\u00e1y bay t\u1eeb T\u00e2y Ban Nha \u0111i \u0110\u00e0 N\u1eb5ng ch\u1ec9 t\u1eeb 8.900.000 VND, v\u1edbi th\u1eddi gian bay trung b\u00ecnh 16\u201320 gi\u1edd v\u00e0 kho\u1ea3ng 5\u20137 chuy\u1ebfn n\u1ed1i chuy\u1ebfn m\u1ed7i ng\u00e0y. Ngo\u00e0i ra, b\u1ea1n c\u00f2n n\u00ean tham kh\u1ea3o m\u00f9a du l\u1ecbch, th\u1eddi gian \u0111\u1eb7t v\u00e9 l\u00fd t\u01b0\u1edfng, t\u1ef7 l\u1ec7 chuy\u1ebfn bay \u0111\u00fang gi\u1edd c\u0169ng nh\u01b0 h\u01b0\u1edbng d\u1eabn di chuy\u1ec3n thu\u1eadn ti\u1ec7n t\u1eeb s\u00e2n bay \u0110\u00e0 N\u1eb5ng v\u00e0o trung t\u00e2m th\u00e0nh ph\u1ed1.","focusKeywords":"V\u00e9 m\u00e1y bay t\u1eeb T\u00e2y Ban Nha \u0111i \u0110\u00e0 N\u1eb5ng","pillarContent":false,"canonicalUrl":"","breadcrumbTitle":"","advancedRobots":{"max-snippet":"-1","max-video-preview":"-1","max-image-preview":"large"},"facebookTitle":"","facebookDescription":"","facebookImage":"","facebookImageID":"","facebookHasOverlay":false,"facebookImageOverlay":"","facebookAuthor":"","twitterCardType":"","twitterUseFacebook":true,"twitterTitle":"","twitterDescription":"","twitterImage":"","twitterImageID":"","twitterHasOverlay":false,"twitterImageOverlay":"","twitterPlayerUrl":"","twitterPlayerSize":"","twitterPlayerStream":"","twitterPlayerStreamCtype":"","twitterAppDescription":"","twitterAppIphoneName":"","twitterAppIphoneID":"","twitterAppIphoneUrl":"","twitterAppIpadName":"","twitterAppIpadID":"","twitterAppIpadUrl":"","twitterAppGoogleplayName":"","twitterAppGoogleplayID":"","twitterAppGoogleplayUrl":"","twitterAppCountry":"","robots":{"index":true},"twitterAuthor":"giacmobayre","primaryTerm":0,"authorName":"Nguy\u1ec5n M\u1ea1nh Th\u01b0\u1edfng","titleTemplate":"%title% %sep% %sitename%","descriptionTemplate":"%excerpt%","showScoreFrontend":true,"lockModifiedDate":false},"powerWords":[],"diacritics":{"A":"[\\u0041\\u24B6\\uFF21\\u00C0\\u00C1\\u00C2\\u1EA6\\u1EA4\\u1EAA\\u1EA8\\u00C3\\u0100\\u0102\\u1EB0\\u1EAE\\u1EB4\\u1EB2\\u0226\\u01E0\\u00C4\\u01DE\\u1EA2\\u00C5\\u01FA\\u01CD\\u0200\\u0202\\u1EA0\\u1EAC\\u1EB6\\u1E00\\u0104\\u023A\\u2C6F]","AA":"[\\uA732]","AE":"[\\u00C6\\u01FC\\u01E2]","AO":"[\\uA734]","AU":"[\\uA736]","AV":"[\\uA738\\uA73A]","AY":"[\\uA73C]","B":"[\\u0042\\u24B7\\uFF22\\u1E02\\u1E04\\u1E06\\u0243\\u0182\\u0181]","C":"[\\u0043\\u24B8\\uFF23\\u0106\\u0108\\u010A\\u010C\\u00C7\\u1E08\\u0187\\u023B\\uA73E]","D":"[\\u0044\\u24B9\\uFF24\\u1E0A\\u010E\\u1E0C\\u1E10\\u1E12\\u1E0E\\u0110\\u018B\\u018A\\u0189\\uA779]","DZ":"[\\u01F1\\u01C4]","Dz":"[\\u01F2\\u01C5]","E":"[\\u0045\\u24BA\\uFF25\\u00C8\\u00C9\\u00CA\\u1EC0\\u1EBE\\u1EC4\\u1EC2\\u1EBC\\u0112\\u1E14\\u1E16\\u0114\\u0116\\u00CB\\u1EBA\\u011A\\u0204\\u0206\\u1EB8\\u1EC6\\u0228\\u1E1C\\u0118\\u1E18\\u1E1A\\u0190\\u018E]","F":"[\\u0046\\u24BB\\uFF26\\u1E1E\\u0191\\uA77B]","G":"[\\u0047\\u24BC\\uFF27\\u01F4\\u011C\\u1E20\\u011E\\u0120\\u01E6\\u0122\\u01E4\\u0193\\uA7A0\\uA77D\\uA77E]","H":"[\\u0048\\u24BD\\uFF28\\u0124\\u1E22\\u1E26\\u021E\\u1E24\\u1E28\\u1E2A\\u0126\\u2C67\\u2C75\\uA78D]","I":"[\\u0049\\u24BE\\uFF29\\u00CC\\u00CD\\u00CE\\u0128\\u012A\\u012C\\u0130\\u00CF\\u1E2E\\u1EC8\\u01CF\\u0208\\u020A\\u1ECA\\u012E\\u1E2C\\u0197]","J":"[\\u004A\\u24BF\\uFF2A\\u0134\\u0248]","K":"[\\u004B\\u24C0\\uFF2B\\u1E30\\u01E8\\u1E32\\u0136\\u1E34\\u0198\\u2C69\\uA740\\uA742\\uA744\\uA7A2]","L":"[\\u004C\\u24C1\\uFF2C\\u013F\\u0139\\u013D\\u1E36\\u1E38\\u013B\\u1E3C\\u1E3A\\u0141\\u023D\\u2C62\\u2C60\\uA748\\uA746\\uA780]","LJ":"[\\u01C7]","Lj":"[\\u01C8]","M":"[\\u004D\\u24C2\\uFF2D\\u1E3E\\u1E40\\u1E42\\u2C6E\\u019C]","N":"[\\u004E\\u24C3\\uFF2E\\u01F8\\u0143\\u00D1\\u1E44\\u0147\\u1E46\\u0145\\u1E4A\\u1E48\\u0220\\u019D\\uA790\\uA7A4]","NJ":"[\\u01CA]","Nj":"[\\u01CB]","O":"[\\u004F\\u24C4\\uFF2F\\u00D2\\u00D3\\u00D4\\u1ED2\\u1ED0\\u1ED6\\u1ED4\\u00D5\\u1E4C\\u022C\\u1E4E\\u014C\\u1E50\\u1E52\\u014E\\u022E\\u0230\\u00D6\\u022A\\u1ECE\\u0150\\u01D1\\u020C\\u020E\\u01A0\\u1EDC\\u1EDA\\u1EE0\\u1EDE\\u1EE2\\u1ECC\\u1ED8\\u01EA\\u01EC\\u00D8\\u01FE\\u0186\\u019F\\uA74A\\uA74C]","OI":"[\\u01A2]","OO":"[\\uA74E]","OU":"[\\u0222]","P":"[\\u0050\\u24C5\\uFF30\\u1E54\\u1E56\\u01A4\\u2C63\\uA750\\uA752\\uA754]","Q":"[\\u0051\\u24C6\\uFF31\\uA756\\uA758\\u024A]","R":"[\\u0052\\u24C7\\uFF32\\u0154\\u1E58\\u0158\\u0210\\u0212\\u1E5A\\u1E5C\\u0156\\u1E5E\\u024C\\u2C64\\uA75A\\uA7A6\\uA782]","S":"[\\u0053\\u24C8\\uFF33\\u1E9E\\u015A\\u1E64\\u015C\\u1E60\\u0160\\u1E66\\u1E62\\u1E68\\u0218\\u015E\\u2C7E\\uA7A8\\uA784]","T":"[\\u0054\\u24C9\\uFF34\\u1E6A\\u0164\\u1E6C\\u021A\\u0162\\u1E70\\u1E6E\\u0166\\u01AC\\u01AE\\u023E\\uA786]","TZ":"[\\uA728]","U":"[\\u0055\\u24CA\\uFF35\\u00D9\\u00DA\\u00DB\\u0168\\u1E78\\u016A\\u1E7A\\u016C\\u00DC\\u01DB\\u01D7\\u01D5\\u01D9\\u1EE6\\u016E\\u0170\\u01D3\\u0214\\u0216\\u01AF\\u1EEA\\u1EE8\\u1EEE\\u1EEC\\u1EF0\\u1EE4\\u1E72\\u0172\\u1E76\\u1E74\\u0244]","V":"[\\u0056\\u24CB\\uFF36\\u1E7C\\u1E7E\\u01B2\\uA75E\\u0245]","VY":"[\\uA760]","W":"[\\u0057\\u24CC\\uFF37\\u1E80\\u1E82\\u0174\\u1E86\\u1E84\\u1E88\\u2C72]","X":"[\\u0058\\u24CD\\uFF38\\u1E8A\\u1E8C]","Y":"[\\u0059\\u24CE\\uFF39\\u1EF2\\u00DD\\u0176\\u1EF8\\u0232\\u1E8E\\u0178\\u1EF6\\u1EF4\\u01B3\\u024E\\u1EFE]","Z":"[\\u005A\\u24CF\\uFF3A\\u0179\\u1E90\\u017B\\u017D\\u1E92\\u1E94\\u01B5\\u0224\\u2C7F\\u2C6B\\uA762]","a":"[\\u0061\\u24D0\\uFF41\\u1E9A\\u00E0\\u00E1\\u00E2\\u1EA7\\u1EA5\\u1EAB\\u1EA9\\u00E3\\u0101\\u0103\\u1EB1\\u1EAF\\u1EB5\\u1EB3\\u0227\\u01E1\\u00E4\\u01DF\\u1EA3\\u00E5\\u01FB\\u01CE\\u0201\\u0203\\u1EA1\\u1EAD\\u1EB7\\u1E01\\u0105\\u2C65\\u0250]","aa":"[\\uA733]","ae":"[\\u00E6\\u01FD\\u01E3]","ao":"[\\uA735]","au":"[\\uA737]","av":"[\\uA739\\uA73B]","ay":"[\\uA73D]","b":"[\\u0062\\u24D1\\uFF42\\u1E03\\u1E05\\u1E07\\u0180\\u0183\\u0253]","c":"[\\u0063\\u24D2\\uFF43\\u0107\\u0109\\u010B\\u010D\\u00E7\\u1E09\\u0188\\u023C\\uA73F\\u2184]","d":"[\\u0064\\u24D3\\uFF44\\u1E0B\\u010F\\u1E0D\\u1E11\\u1E13\\u1E0F\\u0111\\u018C\\u0256\\u0257\\uA77A]","dz":"[\\u01F3\\u01C6]","e":"[\\u0065\\u24D4\\uFF45\\u00E8\\u00E9\\u00EA\\u1EC1\\u1EBF\\u1EC5\\u1EC3\\u1EBD\\u0113\\u1E15\\u1E17\\u0115\\u0117\\u00EB\\u1EBB\\u011B\\u0205\\u0207\\u1EB9\\u1EC7\\u0229\\u1E1D\\u0119\\u1E19\\u1E1B\\u0247\\u025B\\u01DD]","f":"[\\u0066\\u24D5\\uFF46\\u1E1F\\u0192\\uA77C]","g":"[\\u0067\\u24D6\\uFF47\\u01F5\\u011D\\u1E21\\u011F\\u0121\\u01E7\\u0123\\u01E5\\u0260\\uA7A1\\u1D79\\uA77F]","h":"[\\u0068\\u24D7\\uFF48\\u0125\\u1E23\\u1E27\\u021F\\u1E25\\u1E29\\u1E2B\\u1E96\\u0127\\u2C68\\u2C76\\u0265]","hv":"[\\u0195]","i":"[\\u0069\\u24D8\\uFF49\\u00EC\\u00ED\\u00EE\\u0129\\u012B\\u012D\\u00EF\\u1E2F\\u1EC9\\u01D0\\u0209\\u020B\\u1ECB\\u012F\\u1E2D\\u0268\\u0131]","j":"[\\u006A\\u24D9\\uFF4A\\u0135\\u01F0\\u0249]","k":"[\\u006B\\u24DA\\uFF4B\\u1E31\\u01E9\\u1E33\\u0137\\u1E35\\u0199\\u2C6A\\uA741\\uA743\\uA745\\uA7A3]","l":"[\\u006C\\u24DB\\uFF4C\\u0140\\u013A\\u013E\\u1E37\\u1E39\\u013C\\u1E3D\\u1E3B\\u017F\\u0142\\u019A\\u026B\\u2C61\\uA749\\uA781\\uA747]","lj":"[\\u01C9]","m":"[\\u006D\\u24DC\\uFF4D\\u1E3F\\u1E41\\u1E43\\u0271\\u026F]","n":"[\\u006E\\u24DD\\uFF4E\\u01F9\\u0144\\u00F1\\u1E45\\u0148\\u1E47\\u0146\\u1E4B\\u1E49\\u019E\\u0272\\u0149\\uA791\\uA7A5]","nj":"[\\u01CC]","o":"[\\u006F\\u24DE\\uFF4F\\u00F2\\u00F3\\u00F4\\u1ED3\\u1ED1\\u1ED7\\u1ED5\\u00F5\\u1E4D\\u022D\\u1E4F\\u014D\\u1E51\\u1E53\\u014F\\u022F\\u0231\\u00F6\\u022B\\u1ECF\\u0151\\u01D2\\u020D\\u020F\\u01A1\\u1EDD\\u1EDB\\u1EE1\\u1EDF\\u1EE3\\u1ECD\\u1ED9\\u01EB\\u01ED\\u00F8\\u01FF\\u0254\\uA74B\\uA74D\\u0275]","oi":"[\\u01A3]","ou":"[\\u0223]","oo":"[\\uA74F]","p":"[\\u0070\\u24DF\\uFF50\\u1E55\\u1E57\\u01A5\\u1D7D\\uA751\\uA753\\uA755]","q":"[\\u0071\\u24E0\\uFF51\\u024B\\uA757\\uA759]","r":"[\\u0072\\u24E1\\uFF52\\u0155\\u1E59\\u0159\\u0211\\u0213\\u1E5B\\u1E5D\\u0157\\u1E5F\\u024D\\u027D\\uA75B\\uA7A7\\uA783]","s":"[\\u0073\\u24E2\\uFF53\\u015B\\u1E65\\u015D\\u1E61\\u0161\\u1E67\\u1E63\\u1E69\\u0219\\u015F\\u023F\\uA7A9\\uA785\\u1E9B]","ss":"[\\u00DF]","t":"[\\u0074\\u24E3\\uFF54\\u1E6B\\u1E97\\u0165\\u1E6D\\u021B\\u0163\\u1E71\\u1E6F\\u0167\\u01AD\\u0288\\u2C66\\uA787]","tz":"[\\uA729]","u":"[\\u0075\\u24E4\\uFF55\\u00F9\\u00FA\\u00FB\\u0169\\u1E79\\u016B\\u1E7B\\u016D\\u00FC\\u01DC\\u01D8\\u01D6\\u01DA\\u1EE7\\u016F\\u0171\\u01D4\\u0215\\u0217\\u01B0\\u1EEB\\u1EE9\\u1EEF\\u1EED\\u1EF1\\u1EE5\\u1E73\\u0173\\u1E77\\u1E75\\u0289]","v":"[\\u0076\\u24E5\\uFF56\\u1E7D\\u1E7F\\u028B\\uA75F\\u028C]","vy":"[\\uA761]","w":"[\\u0077\\u24E6\\uFF57\\u1E81\\u1E83\\u0175\\u1E87\\u1E85\\u1E98\\u1E89\\u2C73]","x":"[\\u0078\\u24E7\\uFF58\\u1E8B\\u1E8D]","y":"[\\u0079\\u24E8\\uFF59\\u1EF3\\u00FD\\u0177\\u1EF9\\u0233\\u1E8F\\u00FF\\u1EF7\\u1E99\\u1EF5\\u01B4\\u024F\\u1EFF]","z":"[\\u007A\\u24E9\\uFF5A\\u017A\\u1E91\\u017C\\u017E\\u1E93\\u1E95\\u01B6\\u0225\\u0240\\u2C6C\\uA763]"},"researchesTests":["contentHasTOC","contentHasShortParagraphs","contentHasAssets","keywordInTitle","keywordInMetaDescription","keywordInPermalink","keywordIn10Percent","keywordInContent","keywordInSubheadings","keywordInImageAlt","keywordDensity","keywordNotUsed","lengthContent","lengthPermalink","linksHasInternal","linksHasExternals","linksNotAllExternals","titleStartWithKeyword","titleSentiment","titleHasPowerWords","titleHasNumber","hasContentAI"],"hasRedirection":true,"hasBreadcrumb":true},"homeUrl":"https:\/\/giacmobayre.vn\/ve-may-bay","objectID":12660,"objectType":"post","locale":"vi","localeFull":"vi","overlayImages":{"play":{"name":"Bi\u1ec3u t\u01b0\u1ee3ng ph\u00e1t","url":"https:\/\/giacmobayre.vn\/ve-may-bay\/wp-content\/plugins\/seo-by-rank-math\/assets\/admin\/img\/icon-play.png","path":"\/var\/www\/html\/ve-may-bay\/wp-content\/plugins\/seo-by-rank-math\/assets\/admin\/img\/icon-play.png","position":"middle_center"},"gif":{"name":"Bi\u1ec3u t\u01b0\u1ee3ng GIF","url":"https:\/\/giacmobayre.vn\/ve-may-bay\/wp-content\/plugins\/seo-by-rank-math\/assets\/admin\/img\/icon-gif.png","path":"\/var\/www\/html\/ve-may-bay\/wp-content\/plugins\/seo-by-rank-math\/assets\/admin\/img\/icon-gif.png","position":"middle_center"}},"defautOgImage":"https:\/\/giacmobayre.vn\/ve-may-bay\/wp-content\/plugins\/seo-by-rank-math\/assets\/admin\/img\/social-placeholder.jpg","customPermalinks":true,"isUserRegistered":true,"autoSuggestKeywords":true,"connectSiteUrl":"https:\/\/rankmath.com\/auth?site=https%3A%2F%2Fgiacmobayre.vn%2Fve-may-bay&r=https%3A%2F%2Fgiacmobayre.vn%2Fve-may-bay%2Fwp-json%2Fwp%2Fv2%2Fpages%2F12660%3Fnonce%3D2ba3a3399c&pro=1","maxTags":100,"trendsIcon":"<svg viewBox=\"0 0 610 610\"><path d=\"M18.85,446,174.32,290.48l58.08,58.08L76.93,504a14.54,14.54,0,0,1-20.55,0L18.83,466.48a14.54,14.54,0,0,1,0-20.55Z\" style=\"fill:#4285f4\"\/><path d=\"M242.65,242.66,377.59,377.6l-47.75,47.75a14.54,14.54,0,0,1-20.55,0L174.37,290.43l47.75-47.75A14.52,14.52,0,0,1,242.65,242.66Z\" style=\"fill:#ea4335\"\/><polygon points=\"319.53 319.53 479.26 159.8 537.34 217.88 377.61 377.62 319.53 319.53\" style=\"fill:#fabb05\"\/><path d=\"M594.26,262.73V118.61h0a16.94,16.94,0,0,0-16.94-16.94H433.2a16.94,16.94,0,0,0-12,28.92L565.34,274.71h0a16.94,16.94,0,0,0,28.92-12Z\" style=\"fill:#34a853\"\/><rect width=\"610\" height=\"610\" style=\"fill:none\"\/><\/svg>","showScore":true,"siteFavIcon":"https:\/\/giacmobayre.vn\/ve-may-bay\/wp-content\/uploads\/2024\/05\/logo-giac-mo-bay-re-150x150.png","canUser":{"general":false,"advanced":false,"snippet":false,"social":false,"analysis":false,"analytics":false,"content_ai":false},"showKeywordIntent":true,"isPro":true,"is_front_page":false,"trendsUpgradeLink":"https:\/\/rankmath.com\/pricing\/?utm_source=Plugin&utm_medium=CE%20General%20Tab%20Trends&utm_campaign=WP","trendsUpgradeLabel":"N\u00e2ng c\u1ea5p","trendsPreviewImage":"https:\/\/giacmobayre.vn\/ve-may-bay\/wp-content\/plugins\/seo-by-rank-math\/assets\/admin\/img\/trends-preview.jpg","currentEditor":false,"homepageData":{"assessor":{"powerWords":[],"diacritics":true,"researchesTests":["contentHasTOC","contentHasShortParagraphs","contentHasAssets","keywordInTitle","keywordInMetaDescription","keywordInPermalink","keywordIn10Percent","keywordInContent","keywordInSubheadings","keywordInImageAlt","keywordDensity","keywordNotUsed","lengthContent","lengthPermalink","linksHasInternal","linksHasExternals","linksNotAllExternals","titleStartWithKeyword","titleSentiment","titleHasPowerWords","titleHasNumber","hasContentAI"],"hasBreadcrumb":true,"serpData":{"title":"%sitename% %page% %sep% %sitedesc%","description":"","titleTemplate":"%sitename% %page% %sep% %sitedesc%","descriptionTemplate":"","focusKeywords":"","breadcrumbTitle":"V\u00e9 m\u00e1y bay","robots":{"index":true},"advancedRobots":{"max-snippet":"-1","max-video-preview":"-1","max-image-preview":"large"},"facebookTitle":"","facebookDescription":"","facebookImage":"","facebookImageID":""}}},"tocTitle":"Table of Contents","tocExcludeHeadings":[],"listStyle":"ul"},"uagb_featured_image_src":{"full":["https:\/\/giacmobayre.vn\/ve-may-bay\/wp-content\/uploads\/2025\/09\/ve-may-bay-tu-tay-ban-nha-di-da-nang.jpg",1200,630,false],"thumbnail":["https:\/\/giacmobayre.vn\/ve-may-bay\/wp-content\/uploads\/2025\/09\/ve-may-bay-tu-tay-ban-nha-di-da-nang-150x150.jpg",150,150,true],"medium":["https:\/\/giacmobayre.vn\/ve-may-bay\/wp-content\/uploads\/2025\/09\/ve-may-bay-tu-tay-ban-nha-di-da-nang-300x158.jpg",300,158,true],"medium_large":["https:\/\/giacmobayre.vn\/ve-may-bay\/wp-content\/uploads\/2025\/09\/ve-may-bay-tu-tay-ban-nha-di-da-nang-768x403.jpg",768,403,true],"large":["https:\/\/giacmobayre.vn\/ve-may-bay\/wp-content\/uploads\/2025\/09\/ve-may-bay-tu-tay-ban-nha-di-da-nang-1024x538.jpg",800,420,true],"1536x1536":["https:\/\/giacmobayre.vn\/ve-may-bay\/wp-content\/uploads\/2025\/09\/ve-may-bay-tu-tay-ban-nha-di-da-nang.jpg",1200,630,false],"2048x2048":["https:\/\/giacmobayre.vn\/ve-may-bay\/wp-content\/uploads\/2025\/09\/ve-may-bay-tu-tay-ban-nha-di-da-nang.jpg",1200,630,false]},"uagb_author_info":{"display_name":"Nguy\u1ec5n M\u1ea1nh Th\u01b0\u1edfng","author_link":"https:\/\/giacmobayre.vn\/ve-may-bay\/author\/nguyenmanhthuong\/"},"uagb_comment_info":0,"uagb_excerpt":"Th\u00f4ng tin ch\u1eb7ng bay t\u1eeb T\u00e2y Ban Nha \u0111i \u0110\u00e0 N\u1eb5ng Th\u00f4ng tin Gi\u00e1 tr\u1ecb Gi\u00e1 v\u00e9 bay r\u1ebb nh\u1ea5t (m\u1ed9t chi\u1ec1u) ~ 8.900.000 VND Gi\u00e1 v\u00e9 kh\u1ee9 h\u1ed3i r\u1ebb nh\u1ea5t ~ 17.000.000 VND Kho\u1ea3ng c\u00e1ch bay th\u1eb3ng (\u0111\u01b0\u1eddng chim bay) Kho\u1ea3ng 10.605 km Th\u1eddi gian bay trung b\u00ecnh Kho\u1ea3ng 16 \u2013 20 gi\u1edd (n\u1ed1i&hellip;","_links":{"self":[{"href":"https:\/\/giacmobayre.vn\/ve-may-bay\/wp-json\/wp\/v2\/pages\/12660","targetHints":{"allow":["GET"]}}],"collection":[{"href":"https:\/\/giacmobayre.vn\/ve-may-bay\/wp-json\/wp\/v2\/pages"}],"about":[{"href":"https:\/\/giacmobayre.vn\/ve-may-bay\/wp-json\/wp\/v2\/types\/page"}],"author":[{"embeddable":true,"href":"https:\/\/giacmobayre.vn\/ve-may-bay\/wp-json\/wp\/v2\/users\/8"}],"replies":[{"embeddable":true,"href":"https:\/\/giacmobayre.vn\/ve-may-bay\/wp-json\/wp\/v2\/comments?post=12660"}],"version-history":[{"count":1,"href":"https:\/\/giacmobayre.vn\/ve-may-bay\/wp-json\/wp\/v2\/pages\/12660\/revisions"}],"predecessor-version":[{"id":12662,"href":"https:\/\/giacmobayre.vn\/ve-may-bay\/wp-json\/wp\/v2\/pages\/12660\/revisions\/12662"}],"wp:featuredmedia":[{"embeddable":true,"href":"https:\/\/giacmobayre.vn\/ve-may-bay\/wp-json\/wp\/v2\/media\/12661"}],"wp:attachment":[{"href":"https:\/\/giacmobayre.vn\/ve-may-bay\/wp-json\/wp\/v2\/media?parent=12660"}],"curies":[{"name":"wp","href":"https:\/\/api.w.org\/{rel}","templated":true}]}}